{"id":1201,"date":"2022-01-24T11:57:30","date_gmt":"2022-01-24T10:57:30","guid":{"rendered":"https:\/\/fondation.bouriez.ch\/our-action\/"},"modified":"2022-02-06T18:55:58","modified_gmt":"2022-02-06T17:55:58","slug":"our-action","status":"publish","type":"page","link":"https:\/\/fondation.bouriez.ch\/en\/our-action\/","title":{"rendered":"Our action"},"content":{"rendered":"\t\t<div data-elementor-type=\"wp-page\" data-elementor-id=\"1201\" class=\"elementor elementor-1201 elementor-12\" data-elementor-post-type=\"page\">\n\t\t\t\t\t\t<section class=\"elementor-section elementor-top-section elementor-element elementor-element-ca3f38d elementor-section-full_width elementor-section-height-default elementor-section-height-default\" data-id=\"ca3f38d\" data-element_type=\"section\" data-e-type=\"section\">\n\t\t\t\t\t\t<div class=\"elementor-container elementor-column-gap-default\">\n\t\t\t\t\t<div class=\"elementor-column elementor-col-50 elementor-top-column elementor-element elementor-element-e2e572f\" data-id=\"e2e572f\" data-element_type=\"column\" data-e-type=\"column\">\n\t\t\t<div class=\"elementor-widget-wrap elementor-element-populated\">\n\t\t\t\t\t\t<div class=\"elementor-element elementor-element-04043a2 elementor-widget elementor-widget-heading\" data-id=\"04043a2\" data-element_type=\"widget\" data-e-type=\"widget\" data-widget_type=\"heading.default\">\n\t\t\t\t<div class=\"elementor-widget-container\">\n\t\t\t\t\t<h2 class=\"elementor-heading-title elementor-size-default\">Supporting excellence in medicine<\/h2>\t\t\t\t<\/div>\n\t\t\t\t<\/div>\n\t\t\t\t<div class=\"elementor-element elementor-element-e39fdfa elementor-widget elementor-widget-text-editor\" data-id=\"e39fdfa\" data-element_type=\"widget\" data-e-type=\"widget\" data-widget_type=\"text-editor.default\">\n\t\t\t\t<div class=\"elementor-widget-container\">\n\t\t\t\t\t\t\t\t\t<p>The Andr\u00e9 and Michel Bouriez Foundation aims to broaden medical and scientific knowledge by providing each year to young doctors or surgeons of all specializations and nationalities scholarships allowing them to acquire the knowledge and techniques capable of modifying their field of specialization.<\/p>\n\t\t\t\t\t\t\t\t<\/div>\n\t\t\t\t<\/div>\n\t\t\t\t\t<\/div>\n\t\t<\/div>\n\t\t\t\t<div class=\"elementor-column elementor-col-50 elementor-top-column elementor-element elementor-element-81d1bf7\" data-id=\"81d1bf7\" data-element_type=\"column\" data-e-type=\"column\">\n\t\t\t<div class=\"elementor-widget-wrap elementor-element-populated\">\n\t\t\t\t\t\t<div class=\"elementor-element elementor-element-42103dd elementor-widget elementor-widget-image\" data-id=\"42103dd\" data-element_type=\"widget\" data-e-type=\"widget\" data-widget_type=\"image.default\">\n\t\t\t\t<div class=\"elementor-widget-container\">\n\t\t\t\t\t\t\t\t\t\t\t\t\t\t\t<img fetchpriority=\"high\" decoding=\"async\" width=\"684\" height=\"1024\" src=\"https:\/\/fondation.bouriez.ch\/wp-content\/uploads\/2021\/09\/DSC9711-684x1024.jpg\" class=\"attachment-large size-large wp-image-1032\" alt=\"\" srcset=\"https:\/\/fondation.bouriez.ch\/wp-content\/uploads\/2021\/09\/DSC9711-684x1024.jpg 684w, https:\/\/fondation.bouriez.ch\/wp-content\/uploads\/2021\/09\/DSC9711-200x300.jpg 200w, https:\/\/fondation.bouriez.ch\/wp-content\/uploads\/2021\/09\/DSC9711-768x1150.jpg 768w, https:\/\/fondation.bouriez.ch\/wp-content\/uploads\/2021\/09\/DSC9711-1025x1536.jpg 1025w, https:\/\/fondation.bouriez.ch\/wp-content\/uploads\/2021\/09\/DSC9711-1367x2048.jpg 1367w, https:\/\/fondation.bouriez.ch\/wp-content\/uploads\/2021\/09\/DSC9711-scaled.jpg 1709w\" sizes=\"(max-width: 684px) 100vw, 684px\" \/>\t\t\t\t\t\t\t\t\t\t\t\t\t\t\t<\/div>\n\t\t\t\t<\/div>\n\t\t\t\t\t<\/div>\n\t\t<\/div>\n\t\t\t\t\t<\/div>\n\t\t<\/section>\n\t\t\t\t<section class=\"elementor-section elementor-top-section elementor-element elementor-element-4d3010c elementor-section-full_width elementor-section-height-default elementor-section-height-default\" data-id=\"4d3010c\" data-element_type=\"section\" data-e-type=\"section\">\n\t\t\t\t\t\t<div class=\"elementor-container elementor-column-gap-default\">\n\t\t\t\t\t<div class=\"elementor-column elementor-col-50 elementor-top-column elementor-element elementor-element-bfba97e\" data-id=\"bfba97e\" data-element_type=\"column\" data-e-type=\"column\">\n\t\t\t<div class=\"elementor-widget-wrap elementor-element-populated\">\n\t\t\t\t\t\t<div class=\"elementor-element elementor-element-1406e40 elementor-widget elementor-widget-image\" data-id=\"1406e40\" data-element_type=\"widget\" data-e-type=\"widget\" data-widget_type=\"image.default\">\n\t\t\t\t<div class=\"elementor-widget-container\">\n\t\t\t\t\t\t\t\t\t\t\t\t\t\t\t<img decoding=\"async\" width=\"800\" height=\"534\" src=\"https:\/\/fondation.bouriez.ch\/wp-content\/uploads\/2021\/09\/2019-10-15_245_c-IRCAD-France-1024x684.jpg\" class=\"attachment-large size-large wp-image-1036\" alt=\"\" srcset=\"https:\/\/fondation.bouriez.ch\/wp-content\/uploads\/2021\/09\/2019-10-15_245_c-IRCAD-France-1024x684.jpg 1024w, https:\/\/fondation.bouriez.ch\/wp-content\/uploads\/2021\/09\/2019-10-15_245_c-IRCAD-France-300x200.jpg 300w, https:\/\/fondation.bouriez.ch\/wp-content\/uploads\/2021\/09\/2019-10-15_245_c-IRCAD-France-768x513.jpg 768w, https:\/\/fondation.bouriez.ch\/wp-content\/uploads\/2021\/09\/2019-10-15_245_c-IRCAD-France-1536x1025.jpg 1536w, https:\/\/fondation.bouriez.ch\/wp-content\/uploads\/2021\/09\/2019-10-15_245_c-IRCAD-France.jpg 2000w\" sizes=\"(max-width: 800px) 100vw, 800px\" \/>\t\t\t\t\t\t\t\t\t\t\t\t\t\t\t<\/div>\n\t\t\t\t<\/div>\n\t\t\t\t\t<\/div>\n\t\t<\/div>\n\t\t\t\t<div class=\"elementor-column elementor-col-50 elementor-top-column elementor-element elementor-element-5060888\" data-id=\"5060888\" data-element_type=\"column\" data-e-type=\"column\">\n\t\t\t<div class=\"elementor-widget-wrap elementor-element-populated\">\n\t\t\t\t\t\t<div class=\"elementor-element elementor-element-3c81949 elementor-widget elementor-widget-text-editor\" data-id=\"3c81949\" data-element_type=\"widget\" data-e-type=\"widget\" data-widget_type=\"text-editor.default\">\n\t\t\t\t<div class=\"elementor-widget-container\">\n\t\t\t\t\t\t\t\t\t<p>Thanks to the grants awarded, up to three winners per year, rigorously selected by the Scientific Committee established by the Foundation, can pursue the training project that they will have presented in pioneering units developing or deepening new practices abroad.<\/p>\n\t\t\t\t\t\t\t\t<\/div>\n\t\t\t\t<\/div>\n\t\t\t\t\t<\/div>\n\t\t<\/div>\n\t\t\t\t\t<\/div>\n\t\t<\/section>\n\t\t\t\t<section class=\"elementor-section elementor-top-section elementor-element elementor-element-8c85b77 elementor-section-full_width elementor-section-height-default elementor-section-height-default\" data-id=\"8c85b77\" data-element_type=\"section\" data-e-type=\"section\">\n\t\t\t\t\t\t<div class=\"elementor-container elementor-column-gap-default\">\n\t\t\t\t\t<div class=\"elementor-column elementor-col-50 elementor-top-column elementor-element elementor-element-77b06a2\" data-id=\"77b06a2\" data-element_type=\"column\" data-e-type=\"column\">\n\t\t\t<div class=\"elementor-widget-wrap elementor-element-populated\">\n\t\t\t\t\t\t<div class=\"elementor-element elementor-element-26ce792 elementor-widget elementor-widget-text-editor\" data-id=\"26ce792\" data-element_type=\"widget\" data-e-type=\"widget\" data-widget_type=\"text-editor.default\">\n\t\t\t\t<div class=\"elementor-widget-container\">\n\t\t\t\t\t\t\t\t\t<p>Established in 2020 by Christian, H\u00e9l\u00e8ne and Ghislain Bouriez, the Andr\u00e9 and Michel Bouriez Foundation continues the work begun by their father Michel in 1988.<span class=\"Apple-converted-space\">&nbsp; <\/span>when he created the Andr\u00e9 Bouriez Donation. Constant in his objective, this initiative has enabled, between 1988 and 2019, more than 45 European doctors or surgeons specialized, particularly in microsurgery of the upper limbs, to train in innovative units, thus creating a strong network of professionals, and contributing for more than 30 years in the transmission of medical knowledge.<\/p>\n\t\t\t\t\t\t\t\t<\/div>\n\t\t\t\t<\/div>\n\t\t\t\t\t<\/div>\n\t\t<\/div>\n\t\t\t\t<div class=\"elementor-column elementor-col-50 elementor-top-column elementor-element elementor-element-ea4f03a\" data-id=\"ea4f03a\" data-element_type=\"column\" data-e-type=\"column\">\n\t\t\t<div class=\"elementor-widget-wrap elementor-element-populated\">\n\t\t\t\t\t\t<div class=\"elementor-element elementor-element-05131ad elementor-widget elementor-widget-image\" data-id=\"05131ad\" data-element_type=\"widget\" data-e-type=\"widget\" data-widget_type=\"image.default\">\n\t\t\t\t<div class=\"elementor-widget-container\">\n\t\t\t\t\t\t\t\t\t\t\t\t\t\t\t<img decoding=\"async\" width=\"800\" height=\"534\" src=\"https:\/\/fondation.bouriez.ch\/wp-content\/uploads\/2021\/09\/2021-02-26_053_IRCAD-1024x684.jpg\" class=\"attachment-large size-large wp-image-1040\" alt=\"\" srcset=\"https:\/\/fondation.bouriez.ch\/wp-content\/uploads\/2021\/09\/2021-02-26_053_IRCAD-1024x684.jpg 1024w, https:\/\/fondation.bouriez.ch\/wp-content\/uploads\/2021\/09\/2021-02-26_053_IRCAD-300x200.jpg 300w, https:\/\/fondation.bouriez.ch\/wp-content\/uploads\/2021\/09\/2021-02-26_053_IRCAD-768x513.jpg 768w, https:\/\/fondation.bouriez.ch\/wp-content\/uploads\/2021\/09\/2021-02-26_053_IRCAD-1536x1025.jpg 1536w, https:\/\/fondation.bouriez.ch\/wp-content\/uploads\/2021\/09\/2021-02-26_053_IRCAD-2048x1367.jpg 2048w\" sizes=\"(max-width: 800px) 100vw, 800px\" \/>\t\t\t\t\t\t\t\t\t\t\t\t\t\t\t<\/div>\n\t\t\t\t<\/div>\n\t\t\t\t\t<\/div>\n\t\t<\/div>\n\t\t\t\t\t<\/div>\n\t\t<\/section>\n\t\t\t\t<section class=\"elementor-section elementor-top-section elementor-element elementor-element-766d286c elementor-section-height-min-height elementor-section-boxed elementor-section-height-default elementor-section-items-middle\" data-id=\"766d286c\" data-element_type=\"section\" data-e-type=\"section\" data-settings=\"{&quot;background_background&quot;:&quot;classic&quot;}\">\n\t\t\t\t\t\t<div class=\"elementor-container elementor-column-gap-default\">\n\t\t\t\t\t<div class=\"elementor-column elementor-col-50 elementor-top-column elementor-element elementor-element-6f761bed\" data-id=\"6f761bed\" data-element_type=\"column\" data-e-type=\"column\">\n\t\t\t<div class=\"elementor-widget-wrap elementor-element-populated\">\n\t\t\t\t\t\t<div class=\"elementor-element elementor-element-6cd6997f elementor-widget elementor-widget-heading\" data-id=\"6cd6997f\" data-element_type=\"widget\" data-e-type=\"widget\" data-widget_type=\"heading.default\">\n\t\t\t\t<div class=\"elementor-widget-container\">\n\t\t\t\t\t<h2 class=\"elementor-heading-title elementor-size-default\">Be part of the success<\/h2>\t\t\t\t<\/div>\n\t\t\t\t<\/div>\n\t\t\t\t\t<\/div>\n\t\t<\/div>\n\t\t\t\t<div class=\"elementor-column elementor-col-50 elementor-top-column elementor-element elementor-element-25b79bd1\" data-id=\"25b79bd1\" data-element_type=\"column\" data-e-type=\"column\">\n\t\t\t<div class=\"elementor-widget-wrap elementor-element-populated\">\n\t\t\t\t\t\t<div class=\"elementor-element elementor-element-cb2be3f elementor-align-center elementor-mobile-align-center elementor-widget elementor-widget-button\" data-id=\"cb2be3f\" data-element_type=\"widget\" data-e-type=\"widget\" data-widget_type=\"button.default\">\n\t\t\t\t<div class=\"elementor-widget-container\">\n\t\t\t\t\t\t\t\t\t<div class=\"elementor-button-wrapper\">\n\t\t\t\t\t<a class=\"elementor-button elementor-button-link elementor-size-md\" href=\"https:\/\/fondation.bouriez.ch\/en\/apply\/\">\n\t\t\t\t\t\t<span class=\"elementor-button-content-wrapper\">\n\t\t\t\t\t\t<span class=\"elementor-button-icon\">\n\t\t\t\t<i aria-hidden=\"true\" class=\"fas fa-long-arrow-alt-right\"><\/i>\t\t\t<\/span>\n\t\t\t\t\t\t\t\t\t<span class=\"elementor-button-text\">Apply<\/span>\n\t\t\t\t\t<\/span>\n\t\t\t\t\t<\/a>\n\t\t\t\t<\/div>\n\t\t\t\t\t\t\t\t<\/div>\n\t\t\t\t<\/div>\n\t\t\t\t\t<\/div>\n\t\t<\/div>\n\t\t\t\t\t<\/div>\n\t\t<\/section>\n\t\t\t\t<\/div>\n\t\t","protected":false},"excerpt":{"rendered":"<p>Supporting excellence in medicine The Andr\u00e9 and Michel Bouriez Foundation aims to broaden medical and scientific knowledge by providing each year to young doctors or surgeons of all specializations and nationalities scholarships allowing them to acquire the knowledge and techniques capable of modifying their field of specialization. Thanks to the grants awarded, up to three [&hellip;]<\/p>\n","protected":false},"author":4,"featured_media":0,"parent":0,"menu_order":2,"comment_status":"closed","ping_status":"closed","template":"","meta":{"footnotes":""},"class_list":["post-1201","page","type-page","status-publish","hentry"],"_links":{"self":[{"href":"https:\/\/fondation.bouriez.ch\/en\/wp-json\/wp\/v2\/pages\/1201","targetHints":{"allow":["GET"]}}],"collection":[{"href":"https:\/\/fondation.bouriez.ch\/en\/wp-json\/wp\/v2\/pages"}],"about":[{"href":"https:\/\/fondation.bouriez.ch\/en\/wp-json\/wp\/v2\/types\/page"}],"author":[{"embeddable":true,"href":"https:\/\/fondation.bouriez.ch\/en\/wp-json\/wp\/v2\/users\/4"}],"replies":[{"embeddable":true,"href":"https:\/\/fondation.bouriez.ch\/en\/wp-json\/wp\/v2\/comments?post=1201"}],"version-history":[{"count":7,"href":"https:\/\/fondation.bouriez.ch\/en\/wp-json\/wp\/v2\/pages\/1201\/revisions"}],"predecessor-version":[{"id":1425,"href":"https:\/\/fondation.bouriez.ch\/en\/wp-json\/wp\/v2\/pages\/1201\/revisions\/1425"}],"wp:attachment":[{"href":"https:\/\/fondation.bouriez.ch\/en\/wp-json\/wp\/v2\/media?parent=1201"}],"curies":[{"name":"wp","href":"https:\/\/api.w.org\/{rel}","templated":true}]}}