{"id":1209,"date":"2022-01-24T12:18:11","date_gmt":"2022-01-24T11:18:11","guid":{"rendered":"https:\/\/fondation.bouriez.ch\/grantees-of-the-andre-bouriez-european-grant\/"},"modified":"2022-02-06T19:10:11","modified_gmt":"2022-02-06T18:10:11","slug":"grantees-of-the-andre-bouriez-european-grant","status":"publish","type":"page","link":"https:\/\/fondation.bouriez.ch\/en\/grantees-of-the-andre-bouriez-european-grant\/","title":{"rendered":"Grantees of the Andr\u00e9 Bouriez European Grant"},"content":{"rendered":"\t\t<div data-elementor-type=\"wp-page\" data-elementor-id=\"1209\" class=\"elementor elementor-1209 elementor-355\" data-elementor-post-type=\"page\">\n\t\t\t\t\t\t<section class=\"elementor-section elementor-top-section elementor-element elementor-element-0b78203 elementor-section-boxed elementor-section-height-default elementor-section-height-default\" data-id=\"0b78203\" data-element_type=\"section\" data-e-type=\"section\">\n\t\t\t\t\t\t<div class=\"elementor-container elementor-column-gap-default\">\n\t\t\t\t\t<div class=\"elementor-column elementor-col-100 elementor-top-column elementor-element elementor-element-3a4fda0\" data-id=\"3a4fda0\" data-element_type=\"column\" data-e-type=\"column\">\n\t\t\t<div class=\"elementor-widget-wrap elementor-element-populated\">\n\t\t\t\t\t\t<div class=\"elementor-element elementor-element-de467d9 elementor-widget elementor-widget-heading\" data-id=\"de467d9\" data-element_type=\"widget\" data-e-type=\"widget\" data-widget_type=\"heading.default\">\n\t\t\t\t<div class=\"elementor-widget-container\">\n\t\t\t\t\t<h2 class=\"elementor-heading-title elementor-size-default\">Grantees of the Andr\u00e9 Bouriez European Grant<\/h2>\t\t\t\t<\/div>\n\t\t\t\t<\/div>\n\t\t\t\t\t<\/div>\n\t\t<\/div>\n\t\t\t\t\t<\/div>\n\t\t<\/section>\n\t\t\t\t<section class=\"elementor-section elementor-top-section elementor-element elementor-element-b4ec71c elementor-section-boxed elementor-section-height-default elementor-section-height-default\" data-id=\"b4ec71c\" data-element_type=\"section\" data-e-type=\"section\">\n\t\t\t\t\t\t<div class=\"elementor-container elementor-column-gap-default\">\n\t\t\t\t\t<div class=\"elementor-column elementor-col-100 elementor-top-column elementor-element elementor-element-8ee501d\" data-id=\"8ee501d\" data-element_type=\"column\" data-e-type=\"column\">\n\t\t\t<div class=\"elementor-widget-wrap elementor-element-populated\">\n\t\t\t\t\t\t<div class=\"elementor-element elementor-element-a11ce30 elementor-widget elementor-widget-text-editor\" data-id=\"a11ce30\" data-element_type=\"widget\" data-e-type=\"widget\" data-widget_type=\"text-editor.default\">\n\t\t\t\t<div class=\"elementor-widget-container\">\n\t\t\t\t\t\t\t\t\t<p>Under the patronage of the French Society of Hand Surgery, the Andr\u00e9 Bouriez Donation offers a Study Grant to the European Institute of the Hand Nancy-Luxembourg.<\/p>\n<p>The Andr\u00e9 Bouriez Donation offers a renewable 6-month study grant to any surgeon from the European Community wishing to specialize in Hand and Upper Limb Surgery and in vascular and nerve microsurgery.<\/p>\n<p>The laureate receives training at the European Hand Institute in Nancy and Luxembourg under the direction of Professor Michel MERLE.<\/p>\n<p>He can participate in all scheduled surgical activities but also in the emergency activity of the SOS Main Nancy and SOS Main Luxembourg services. He must during his training period carry out clinical evaluation or research work with a view to publication in a journal of hand surgery. He has the possibility of enrolling in the Diploma of microsurgical techniques and the Interuniversity Diploma organized by the Faculty of Medicine of Nancy. This scholarship is monthly for a period of 6 months, renewable once.<\/p>\n\t\t\t\t\t\t\t\t<\/div>\n\t\t\t\t<\/div>\n\t\t\t\t\t<\/div>\n\t\t<\/div>\n\t\t\t\t\t<\/div>\n\t\t<\/section>\n\t\t\t\t<section class=\"elementor-section elementor-top-section elementor-element elementor-element-babe5d7 elementor-section-boxed elementor-section-height-default elementor-section-height-default\" data-id=\"babe5d7\" data-element_type=\"section\" data-e-type=\"section\">\n\t\t\t\t\t\t<div class=\"elementor-container elementor-column-gap-default\">\n\t\t\t\t\t<div class=\"elementor-column elementor-col-50 elementor-top-column elementor-element elementor-element-4af866d\" data-id=\"4af866d\" data-element_type=\"column\" data-e-type=\"column\">\n\t\t\t<div class=\"elementor-widget-wrap elementor-element-populated\">\n\t\t\t\t\t\t<div class=\"elementor-element elementor-element-4b94bbd elementor-widget elementor-widget-text-editor\" data-id=\"4b94bbd\" data-element_type=\"widget\" data-e-type=\"widget\" data-widget_type=\"text-editor.default\">\n\t\t\t\t<div class=\"elementor-widget-container\">\n\t\t\t\t\t\t\t\t\t<p><span style=\"color: #1F73FF\"><strong>2000<\/strong><\/span> &#8211; Karen WIEKEN, Hannover<\/p>\n<p><span style=\"color: #1F73FF\"><strong>2001<\/strong><\/span> &#8211; Jaime RESTREPO, Medellin<\/p>\n<p><span style=\"color: #1F73FF\"><strong>2002<\/strong><\/span> &#8211; Andrea FALCONE, Dortmund<\/p>\n<p><span style=\"color: #1F73FF\"><strong>2003<\/strong><\/span> &#8211; Rodolfo VERSIN, Santiago de Chile<\/p>\n<p><span style=\"color: #1F73FF\"><strong>2003<\/strong><\/span> &#8211; Monia BELLAN, Parma<\/p>\n<p><span style=\"color: #1F73FF\"><strong>2004<\/strong><\/span> &#8211; Matthieu BEUSTES-STEFANELLI, Amiens<\/p>\n<p><span style=\"color: #1F73FF\"><strong>2004<\/strong><\/span> &#8211; Giorgia de SALVIA, Bari<\/p>\n<p><span style=\"color: #1F73FF\"><strong>2005<\/strong><\/span> &#8211; Luciano LANFRANCHI, Milan<\/p>\n\t\t\t\t\t\t\t\t<\/div>\n\t\t\t\t<\/div>\n\t\t\t\t\t<\/div>\n\t\t<\/div>\n\t\t\t\t<div class=\"elementor-column elementor-col-50 elementor-top-column elementor-element elementor-element-a6705ea\" data-id=\"a6705ea\" data-element_type=\"column\" data-e-type=\"column\">\n\t\t\t<div class=\"elementor-widget-wrap elementor-element-populated\">\n\t\t\t\t\t\t<div class=\"elementor-element elementor-element-16cc26d elementor-widget elementor-widget-text-editor\" data-id=\"16cc26d\" data-element_type=\"widget\" data-e-type=\"widget\" data-widget_type=\"text-editor.default\">\n\t\t\t\t<div class=\"elementor-widget-container\">\n\t\t\t\t\t\t\t\t\t<p><span style=\"color: #1f73ff;\"><strong>2005<\/strong><\/span> &#8211; Bernard LALLEMAND, Li\u00e8ge<\/p>\n<p><span style=\"color: #1f73ff;\"><strong>2006<\/strong><\/span> &#8211; Angelica AQUINATI, Ancona<\/p>\n<p><span style=\"color: #1f73ff;\"><strong>2006<\/strong><\/span> &#8211; Jean Philippe MURE, Rouen<\/p>\n<p><span style=\"color: #1f73ff;\"><strong>2007<\/strong><\/span> &#8211; Ali RAZIAN, Tehran<\/p>\n<p><span style=\"color: #1f73ff;\"><strong>2008<\/strong><\/span> &#8211; Massimiliano TRIPOLI, Milan<\/p>\n<p><span style=\"color: #1f73ff;\"><strong>2009<\/strong><\/span> &#8211; Lara LAZZARO, Milan<\/p>\n<p><span style=\"color: #1f73ff;\"><strong>2009<\/strong><\/span> &#8211; Lorena PARRA BENAVENTE, Santiago de Chile<\/p>\n<p><span style=\"color: #1f73ff;\"><strong>2010<\/strong><\/span> &#8211; Federico VILLANI, Milan<\/p>\n<p><span style=\"color: #1f73ff;\"><strong>2010<\/strong><\/span> &#8211; Gubert FREUA BUFAICAL, Goias Brazil<\/p>\n\t\t\t\t\t\t\t\t<\/div>\n\t\t\t\t<\/div>\n\t\t\t\t\t<\/div>\n\t\t<\/div>\n\t\t\t\t\t<\/div>\n\t\t<\/section>\n\t\t\t\t<section class=\"elementor-section elementor-top-section elementor-element elementor-element-759d6491 elementor-section-height-min-height elementor-section-boxed elementor-section-height-default elementor-section-items-middle\" data-id=\"759d6491\" data-element_type=\"section\" data-e-type=\"section\" data-settings=\"{&quot;background_background&quot;:&quot;classic&quot;}\">\n\t\t\t\t\t\t<div class=\"elementor-container elementor-column-gap-default\">\n\t\t\t\t\t<div class=\"elementor-column elementor-col-50 elementor-top-column elementor-element elementor-element-8ac256e\" data-id=\"8ac256e\" data-element_type=\"column\" data-e-type=\"column\">\n\t\t\t<div class=\"elementor-widget-wrap elementor-element-populated\">\n\t\t\t\t\t\t<div class=\"elementor-element elementor-element-445c7118 elementor-widget elementor-widget-heading\" data-id=\"445c7118\" data-element_type=\"widget\" data-e-type=\"widget\" data-widget_type=\"heading.default\">\n\t\t\t\t<div class=\"elementor-widget-container\">\n\t\t\t\t\t<h2 class=\"elementor-heading-title elementor-size-default\">Be part of the success<\/h2>\t\t\t\t<\/div>\n\t\t\t\t<\/div>\n\t\t\t\t\t<\/div>\n\t\t<\/div>\n\t\t\t\t<div class=\"elementor-column elementor-col-50 elementor-top-column elementor-element elementor-element-21fa5b51\" data-id=\"21fa5b51\" data-element_type=\"column\" data-e-type=\"column\">\n\t\t\t<div class=\"elementor-widget-wrap elementor-element-populated\">\n\t\t\t\t\t\t<div class=\"elementor-element elementor-element-3bce7a69 elementor-align-center elementor-mobile-align-center elementor-widget elementor-widget-button\" data-id=\"3bce7a69\" data-element_type=\"widget\" data-e-type=\"widget\" data-widget_type=\"button.default\">\n\t\t\t\t<div class=\"elementor-widget-container\">\n\t\t\t\t\t\t\t\t\t<div class=\"elementor-button-wrapper\">\n\t\t\t\t\t<a class=\"elementor-button elementor-button-link elementor-size-md\" href=\"https:\/\/fondation.bouriez.ch\/en\/apply\/\">\n\t\t\t\t\t\t<span class=\"elementor-button-content-wrapper\">\n\t\t\t\t\t\t<span class=\"elementor-button-icon\">\n\t\t\t\t<i aria-hidden=\"true\" class=\"fas fa-long-arrow-alt-right\"><\/i>\t\t\t<\/span>\n\t\t\t\t\t\t\t\t\t<span class=\"elementor-button-text\">Apply<\/span>\n\t\t\t\t\t<\/span>\n\t\t\t\t\t<\/a>\n\t\t\t\t<\/div>\n\t\t\t\t\t\t\t\t<\/div>\n\t\t\t\t<\/div>\n\t\t\t\t\t<\/div>\n\t\t<\/div>\n\t\t\t\t\t<\/div>\n\t\t<\/section>\n\t\t\t\t<\/div>\n\t\t","protected":false},"excerpt":{"rendered":"<p>Grantees of the Andr\u00e9 Bouriez European Grant Under the patronage of the French Society of Hand Surgery, the Andr\u00e9 Bouriez Donation offers a Study Grant to the European Institute of the Hand Nancy-Luxembourg. The Andr\u00e9 Bouriez Donation offers a renewable 6-month study grant to any surgeon from the European Community wishing to specialize in Hand [&hellip;]<\/p>\n","protected":false},"author":4,"featured_media":0,"parent":0,"menu_order":3,"comment_status":"closed","ping_status":"closed","template":"","meta":{"footnotes":""},"class_list":["post-1209","page","type-page","status-publish","hentry"],"_links":{"self":[{"href":"https:\/\/fondation.bouriez.ch\/en\/wp-json\/wp\/v2\/pages\/1209","targetHints":{"allow":["GET"]}}],"collection":[{"href":"https:\/\/fondation.bouriez.ch\/en\/wp-json\/wp\/v2\/pages"}],"about":[{"href":"https:\/\/fondation.bouriez.ch\/en\/wp-json\/wp\/v2\/types\/page"}],"author":[{"embeddable":true,"href":"https:\/\/fondation.bouriez.ch\/en\/wp-json\/wp\/v2\/users\/4"}],"replies":[{"embeddable":true,"href":"https:\/\/fondation.bouriez.ch\/en\/wp-json\/wp\/v2\/comments?post=1209"}],"version-history":[{"count":4,"href":"https:\/\/fondation.bouriez.ch\/en\/wp-json\/wp\/v2\/pages\/1209\/revisions"}],"predecessor-version":[{"id":1455,"href":"https:\/\/fondation.bouriez.ch\/en\/wp-json\/wp\/v2\/pages\/1209\/revisions\/1455"}],"wp:attachment":[{"href":"https:\/\/fondation.bouriez.ch\/en\/wp-json\/wp\/v2\/media?parent=1209"}],"curies":[{"name":"wp","href":"https:\/\/api.w.org\/{rel}","templated":true}]}}