{"id":1213,"date":"2022-01-24T12:24:18","date_gmt":"2022-01-24T11:24:18","guid":{"rendered":"https:\/\/fondation.bouriez.ch\/grantees-of-the-andre-and-michel-bouriez-foundation\/"},"modified":"2026-03-14T12:22:08","modified_gmt":"2026-03-14T11:22:08","slug":"grantees-of-the-andre-and-michel-bouriez-foundation","status":"publish","type":"page","link":"https:\/\/fondation.bouriez.ch\/en\/grantees-of-the-andre-and-michel-bouriez-foundation\/","title":{"rendered":"Grantees of the Andr\u00e9 and Michel Bouriez Foundation"},"content":{"rendered":"\t\t<div data-elementor-type=\"wp-page\" data-elementor-id=\"1213\" class=\"elementor elementor-1213 elementor-174\" data-elementor-post-type=\"page\">\n\t\t\t\t\t\t<section class=\"elementor-section elementor-top-section elementor-element elementor-element-f92b2e8 elementor-section-full_width elementor-section-height-default elementor-section-height-default\" data-id=\"f92b2e8\" data-element_type=\"section\" data-e-type=\"section\" data-settings=\"{&quot;background_background&quot;:&quot;classic&quot;}\">\n\t\t\t\t\t\t<div class=\"elementor-container elementor-column-gap-default\">\n\t\t\t\t\t<div class=\"elementor-column elementor-col-100 elementor-top-column elementor-element elementor-element-7728d37\" data-id=\"7728d37\" data-element_type=\"column\" data-e-type=\"column\">\n\t\t\t<div class=\"elementor-widget-wrap elementor-element-populated\">\n\t\t\t\t\t\t<div class=\"elementor-element elementor-element-b636c74 elementor-widget elementor-widget-heading\" data-id=\"b636c74\" data-element_type=\"widget\" data-e-type=\"widget\" data-widget_type=\"heading.default\">\n\t\t\t\t<div class=\"elementor-widget-container\">\n\t\t\t\t\t<h2 class=\"elementor-heading-title elementor-size-default\">Grantees of the Andr\u00e9 and Michel Bouriez Foundation<\/h2>\t\t\t\t<\/div>\n\t\t\t\t<\/div>\n\t\t\t\t<div class=\"elementor-element elementor-element-ebea82b elementor-widget elementor-widget-text-editor\" data-id=\"ebea82b\" data-element_type=\"widget\" data-e-type=\"widget\" data-widget_type=\"text-editor.default\">\n\t\t\t\t<div class=\"elementor-widget-container\">\n\t\t\t\t\t\t\t\t\t<h4><strong>2022<\/strong><\/h4>\n<h5><strong>Dr No\u00e9mie Sachs-Guedj<\/strong><\/h5>\n<h5>Surgeon in Gynecology-Obstetrics \u2013 University Hospitals of Geneva (Switzerland)<\/h5>\n<p style=\"text-align: left;\">Study on the optimization of the luteal phase in assisted reproduction medicine ; determination of the dose of progesterone, its mode and duration of administration in order to optimize the success rate of assisted procreation by implantation of frozen embryos.<\/p>\n<p style=\"text-align: left;\">Dexeus University Hospital (Barcelone \u2013 Spain) ; Reproductive Medicine Service \u2013 Pr. Nikolaos Polyzos ; from July 1st 2022 to June 30th 2024 <\/p>\n<p style=\"text-align: left;\">Grant: 59.300 CHF<\/p><p style=\"text-align: left;\">Since her return to Geneva, Dr. Sachs-Guedj has been appointed Chief Resident at HUG.<\/p>\t\t\t\t\t\t\t\t<\/div>\n\t\t\t\t<\/div>\n\t\t\t\t<div class=\"elementor-element elementor-element-b75c05d elementor-widget elementor-widget-text-editor\" data-id=\"b75c05d\" data-element_type=\"widget\" data-e-type=\"widget\" data-widget_type=\"text-editor.default\">\n\t\t\t\t<div class=\"elementor-widget-container\">\n\t\t\t\t\t\t\t\t\t<h4><strong>2023<\/strong><\/h4><h5><strong>Dr Isabel Fernandes Arroteia<\/strong><\/h5><h5>Surgeon in Neurology \u2013 Centre H\u00f4spitalier du Luxembourg (Luxembourg)<\/h5><p style=\"text-align: left;\">Validation of the use of point of care tumor methylome analysis using new generation nanopore sequencing (NanoDIP\/EpiDIP), coupled to ultra-fast non supervised machine learning algorithms in the diagnosis of pediatric brain tumors and evaluate its impact on perioperative decision making, further treatment and the prognosis of the patient;<\/p><p style=\"text-align: left;\">University Hospital Basel (Switzerland); Department of Paediatric Neurosurgery\u2013 Prof. Raphael Guzman ; from Oct. 16th, 2023 to Oct. 16th, 2024.<\/p><p style=\"text-align: left;\">Grant : 50.000 CHF<\/p>\t\t\t\t\t\t\t\t<\/div>\n\t\t\t\t<\/div>\n\t\t\t\t<div class=\"elementor-element elementor-element-d67a086 elementor-widget elementor-widget-text-editor\" data-id=\"d67a086\" data-element_type=\"widget\" data-e-type=\"widget\" data-widget_type=\"text-editor.default\">\n\t\t\t\t<div class=\"elementor-widget-container\">\n\t\t\t\t\t\t\t\t\t<h4><strong>2023<\/strong><\/h4>\n<h5><strong>Dr Urs Fisch<\/strong><\/h5>\n<h5>Neurologist \u2013 H\u00f4pital Universitaire of Basel (Switzerland)<\/h5>\n<p style=\"text-align: left;\">Study on the factors and medical signals that allow determining the probabilities of remission in patients who, after a cardiac arrest, are in a coma and exhibit epileptic activity. The conclusions will help refine the vital diagnosis of patients and enable intensive care units to make better decisions regarding treatment options.<\/p>\n<p style=\"text-align: left;\">Brigham and Women\u2019s Hospital, Harvard University (Boston, USA) ; Neurology Department \u2013 Pr. Jong Jee ; from Jan. 1st 2024 to June 30th 2025.<\/p>\n<p style=\"text-align: left;\">Grant : 50.000 CHF.<\/p>\t\t\t\t\t\t\t\t<\/div>\n\t\t\t\t<\/div>\n\t\t\t\t<div class=\"elementor-element elementor-element-fcd1319 elementor-widget elementor-widget-text-editor\" data-id=\"fcd1319\" data-element_type=\"widget\" data-e-type=\"widget\" data-widget_type=\"text-editor.default\">\n\t\t\t\t<div class=\"elementor-widget-container\">\n\t\t\t\t\t\t\t\t\t<h4><strong>2024<\/strong><\/h4><h5><strong>Dr Belkacem Acidi<\/strong><\/h5><h5>Hepatobiliary Surgeon \u2013 H\u00f4pital Paul-Brousse Ap-Hp Paris (France)<\/h5><p style=\"text-align: left;\">Study aiming to develop and validate (in vivo and ex vivo) intraoperative navigation tools in hepatobiliary surgery. The project focuses on integrating artificial intelligence (AI) into intraoperative ultrasound, using the MasSpecPen to refine tissue characterization The project includes the development of three-dimensional (3D) models to optimize the planning and execution of surgical procedures.<\/p><p style=\"text-align: left;\">MD Anderson Cancer Center &#8211; University of Texas (Houston, USA) ; Oncological Surgery Service \u2013 Pr. Tran Cao ; from January 1st 2024 to October 31st 2024.<\/p><p style=\"text-align: left;\">Grant : 40.000 CHF.<\/p>\t\t\t\t\t\t\t\t<\/div>\n\t\t\t\t<\/div>\n\t\t\t\t<div class=\"elementor-element elementor-element-c990b87 elementor-widget elementor-widget-text-editor\" data-id=\"c990b87\" data-element_type=\"widget\" data-e-type=\"widget\" data-widget_type=\"text-editor.default\">\n\t\t\t\t<div class=\"elementor-widget-container\">\n\t\t\t\t\t\t\t\t\t<h4><strong>2024<\/strong><\/h4><h5><strong>Dr Amir El Rahal<\/strong><\/h5><h5>Neurosurgeon \u2013 University Hospitals of Geneva (HUG) (Switzerland)<\/h5><p style=\"text-align: left;\">Study aimed at optimizing the detection of the cellular phenotype of central nervous system tumors through morphometric extraction, incorporating new neural network tools, and utilizing new technologies such as Stimulated Raman Histology (SRH) associated with a new technical tool developed in Freiburg based on AI and big data.<\/p><p style=\"text-align: left;\">Medical Center University of Freiburg im Breisgau, (Freiburg im Breisgau, Germany); Department of Neurosurgery, Microenvironment and Tumor Immunology Laboratory (MiLoLab) \u2013 Prof. J\u00fcrgen Beck; From January 1, 2024, to June 30, 2025.<\/p><p style=\"text-align: left;\">Grant : 40.000 CHF.<\/p>\t\t\t\t\t\t\t\t<\/div>\n\t\t\t\t<\/div>\n\t\t\t\t<div class=\"elementor-element elementor-element-7690332 elementor-widget elementor-widget-text-editor\" data-id=\"7690332\" data-element_type=\"widget\" data-e-type=\"widget\" data-widget_type=\"text-editor.default\">\n\t\t\t\t<div class=\"elementor-widget-container\">\n\t\t\t\t\t\t\t\t\t<h4><strong>2025<\/strong><\/h4><h5><strong>Dr Filippo Nicoletti <\/strong><\/h5><h5 class=\"p1\">Neurologue &#8211; H\u00f4pNeurologist &#8211; University Hospital Essen (Germany) and University Hospital Zurich (Switzerland)<\/h5><p class=\"p1\" style=\"text-align: left;\">Study aimed at reconstructing vascular network segments of patients with cerebral amyloid angiopathy (CAA) using three-dimensional imaging (using IMARIS software) to gain a better understanding of the spatial and temporal mechanisms of this pathology and determine its causes. The objective is to identify markers and define factors that enable a medical prognosis.<\/p><p class=\"p1\" style=\"text-align: left;\">Institut du Cerveau (Paris, France) \u2013 Prof. Danielle Seilhean; From January 1, 2025 to December 31, 2026.<\/p><p style=\"text-align: left;\">Grant : 85.300 CHF.<\/p>\t\t\t\t\t\t\t\t<\/div>\n\t\t\t\t<\/div>\n\t\t\t\t<div class=\"elementor-element elementor-element-2ee7921 elementor-widget elementor-widget-text-editor\" data-id=\"2ee7921\" data-element_type=\"widget\" data-e-type=\"widget\" data-widget_type=\"text-editor.default\">\n\t\t\t\t<div class=\"elementor-widget-container\">\n\t\t\t\t\t\t\t\t\t<h4><strong>2025<\/strong><\/h4><h5 class=\"p1\"><strong>Dr Dario Saracino<\/strong><\/h5><h5 class=\"p1\">Neurologist \u2013 H\u00f4pital Universitaire de la Piti\u00e9-Salp\u00eatri\u00e8re (Paris)<\/h5><p class=\"p1\" style=\"text-align: left;\">Study aimed at revealing indirect signs of intraneuronal accumulation of TDP-43, the most common pathological substrate for frontotemporal dementia (FTD) and amyotrophic lateral sclerosis (ALS); to characterize the role of TDP-43 inclusions in disease progression and severity; to validate easily accessible and reproducible tests to identify and monitor the proteinopathy TDP-43 throughout the course of the disease.<\/p><p class=\"p1\" style=\"text-align: left;\">International Center for Genetic Engineering and Biotechnology (Trieste \u2013 Italy) \u2013 Prof. Emanuele Buratti; from September 1, 2025 to August 31, 2026.<\/p><p style=\"text-align: left;\">Grant : 42.650 CHF.<\/p>\t\t\t\t\t\t\t\t<\/div>\n\t\t\t\t<\/div>\n\t\t\t\t<div class=\"elementor-element elementor-element-d7af196 elementor-widget elementor-widget-text-editor\" data-id=\"d7af196\" data-element_type=\"widget\" data-e-type=\"widget\" data-widget_type=\"text-editor.default\">\n\t\t\t\t<div class=\"elementor-widget-container\">\n\t\t\t\t\t\t\t\t\t<h4><strong>2025<\/strong><\/h4><h5 class=\"p1\"><strong>Dr Martin Dubois<\/strong><\/h5><h5 class=\"p1\">Haematologist \u2013 Jules Bordet Institute \u2013 Brussels University Hospital (Belgium).<\/h5><p class=\"p1\" style=\"text-align: left;\">Study aimed at analysing the effects of ferroptosis on the antiporter xCT in order to inhibit the latter and induce leukemic cell death, thus fighting against acute myeloid leukemia (AML); discover and test new ferroptosis-inducing molecules derived from sulfasalazine.<\/p><p class=\"p1\" style=\"text-align: left;\">Saint-Louis Research Institute INSERM (Paris, France) \u2013 Prof. Raphael Itzykson; from November 1, 2025 to October 31, 2026.<\/p><p style=\"text-align: left;\">Grant : 42.650 CHF.<\/p>\t\t\t\t\t\t\t\t<\/div>\n\t\t\t\t<\/div>\n\t\t\t\t<div class=\"elementor-element elementor-element-b3c88aa elementor-widget elementor-widget-text-editor\" data-id=\"b3c88aa\" data-element_type=\"widget\" data-e-type=\"widget\" data-widget_type=\"text-editor.default\">\n\t\t\t\t<div class=\"elementor-widget-container\">\n\t\t\t\t\t\t\t\t\t<h4><strong>2025<\/strong><\/h4><h5 class=\"p1\"><strong>Dr Dimitrios Kalaitzopoulos<\/strong><\/h5><h5 class=\"p1\">Gynaecologist \u2013 Schaffhausen Cantonal Hospital (Switzerland).<\/h5><p class=\"p1\" style=\"text-align: left;\">Study aimed at defining the microbiological causes of chronic endometritis, to characterize the role of the microorganisms (microbiome) that are present in the endometrium in the chronic endometritis; to characterize the utility of such microbiological analysis for the diagnosis.<\/p><p class=\"p1\" style=\"text-align: left;\">Brussels IVF, University Hospital of the Universit\u00e9 Libre de Bruxelles (Belgium) \u2013 Prof. Herman Tournaye; from January 1, 2026 to December 31, 2026.<\/p><p style=\"text-align: left;\">Grant : 50.000 CHF.<\/p>\t\t\t\t\t\t\t\t<\/div>\n\t\t\t\t<\/div>\n\t\t\t\t\t<\/div>\n\t\t<\/div>\n\t\t\t\t\t<\/div>\n\t\t<\/section>\n\t\t\t\t<section class=\"elementor-section elementor-top-section elementor-element elementor-element-6a4f2bdc elementor-section-height-min-height elementor-section-boxed elementor-section-height-default elementor-section-items-middle\" data-id=\"6a4f2bdc\" data-element_type=\"section\" data-e-type=\"section\" data-settings=\"{&quot;background_background&quot;:&quot;classic&quot;}\">\n\t\t\t\t\t\t<div class=\"elementor-container elementor-column-gap-default\">\n\t\t\t\t\t<div class=\"elementor-column elementor-col-50 elementor-top-column elementor-element elementor-element-38daafd3\" data-id=\"38daafd3\" data-element_type=\"column\" data-e-type=\"column\">\n\t\t\t<div class=\"elementor-widget-wrap elementor-element-populated\">\n\t\t\t\t\t\t<div class=\"elementor-element elementor-element-44a96fb2 elementor-widget elementor-widget-heading\" data-id=\"44a96fb2\" data-element_type=\"widget\" data-e-type=\"widget\" data-widget_type=\"heading.default\">\n\t\t\t\t<div class=\"elementor-widget-container\">\n\t\t\t\t\t<h2 class=\"elementor-heading-title elementor-size-default\">Be part of the success<\/h2>\t\t\t\t<\/div>\n\t\t\t\t<\/div>\n\t\t\t\t\t<\/div>\n\t\t<\/div>\n\t\t\t\t<div class=\"elementor-column elementor-col-50 elementor-top-column elementor-element elementor-element-729bcd01\" data-id=\"729bcd01\" data-element_type=\"column\" data-e-type=\"column\">\n\t\t\t<div class=\"elementor-widget-wrap elementor-element-populated\">\n\t\t\t\t\t\t<div class=\"elementor-element elementor-element-627814d4 elementor-align-center elementor-mobile-align-center elementor-widget elementor-widget-button\" data-id=\"627814d4\" data-element_type=\"widget\" data-e-type=\"widget\" data-widget_type=\"button.default\">\n\t\t\t\t<div class=\"elementor-widget-container\">\n\t\t\t\t\t\t\t\t\t<div class=\"elementor-button-wrapper\">\n\t\t\t\t\t<a class=\"elementor-button elementor-button-link elementor-size-md\" href=\"https:\/\/fondation.bouriez.ch\/en\/apply\/\">\n\t\t\t\t\t\t<span class=\"elementor-button-content-wrapper\">\n\t\t\t\t\t\t<span class=\"elementor-button-icon\">\n\t\t\t\t<i aria-hidden=\"true\" class=\"fas fa-long-arrow-alt-right\"><\/i>\t\t\t<\/span>\n\t\t\t\t\t\t\t\t\t<span class=\"elementor-button-text\">Apply now<\/span>\n\t\t\t\t\t<\/span>\n\t\t\t\t\t<\/a>\n\t\t\t\t<\/div>\n\t\t\t\t\t\t\t\t<\/div>\n\t\t\t\t<\/div>\n\t\t\t\t\t<\/div>\n\t\t<\/div>\n\t\t\t\t\t<\/div>\n\t\t<\/section>\n\t\t\t\t<\/div>\n\t\t","protected":false},"excerpt":{"rendered":"<p>Grantees of the Andr\u00e9 and Michel Bouriez Foundation 2022 Dr No\u00e9mie Sachs-Guedj Surgeon in Gynecology-Obstetrics \u2013 University Hospitals of Geneva (Switzerland) Study on the optimization of the luteal phase in assisted reproduction medicine ; determination of the dose of progesterone, its mode and duration of administration in order to optimize the success rate of assisted [&hellip;]<\/p>\n","protected":false},"author":4,"featured_media":0,"parent":0,"menu_order":3,"comment_status":"closed","ping_status":"closed","template":"","meta":{"footnotes":""},"class_list":["post-1213","page","type-page","status-publish","hentry"],"_links":{"self":[{"href":"https:\/\/fondation.bouriez.ch\/en\/wp-json\/wp\/v2\/pages\/1213","targetHints":{"allow":["GET"]}}],"collection":[{"href":"https:\/\/fondation.bouriez.ch\/en\/wp-json\/wp\/v2\/pages"}],"about":[{"href":"https:\/\/fondation.bouriez.ch\/en\/wp-json\/wp\/v2\/types\/page"}],"author":[{"embeddable":true,"href":"https:\/\/fondation.bouriez.ch\/en\/wp-json\/wp\/v2\/users\/4"}],"replies":[{"embeddable":true,"href":"https:\/\/fondation.bouriez.ch\/en\/wp-json\/wp\/v2\/comments?post=1213"}],"version-history":[{"count":11,"href":"https:\/\/fondation.bouriez.ch\/en\/wp-json\/wp\/v2\/pages\/1213\/revisions"}],"predecessor-version":[{"id":1663,"href":"https:\/\/fondation.bouriez.ch\/en\/wp-json\/wp\/v2\/pages\/1213\/revisions\/1663"}],"wp:attachment":[{"href":"https:\/\/fondation.bouriez.ch\/en\/wp-json\/wp\/v2\/media?parent=1213"}],"curies":[{"name":"wp","href":"https:\/\/api.w.org\/{rel}","templated":true}]}}